{"id":6,"date":"2022-03-11T13:13:36","date_gmt":"2022-03-11T12:13:36","guid":{"rendered":"https:\/\/aprikobikes.com\/?page_id=6"},"modified":"2026-01-04T18:07:21","modified_gmt":"2026-01-04T17:07:21","slug":"gestalte-deine-website-mit-bloecken","status":"publish","type":"page","link":"https:\/\/aprikobikes.com\/en\/","title":{"rendered":"Elephant Cargo Fork"},"content":{"rendered":"<h2 class=\"wp-block-heading alignwide has-text-align-wide has-gigantic-font-size\" style=\"line-height:1.1\">Elephant Cargo Fork<\/h2>\n\n\n\n<div style=\"height:100px\" aria-hidden=\"true\" class=\"wp-block-spacer\"><\/div>\n\n\n\n<div class=\"wp-block-columns alignwide is-style-default is-layout-flex wp-container-core-columns-is-layout-9d6595d7 wp-block-columns-is-layout-flex\">\n<div class=\"wp-block-column is-layout-flow wp-block-column-is-layout-flow\" style=\"flex-basis:33.33%\">\n<h3 class=\"wp-block-heading\"><strong><em>News January 2026<\/em><\/strong><\/h3>\n\n\n\n<blockquote class=\"wp-block-quote is-layout-flow wp-block-quote-is-layout-flow\">\n<p><em>January 4, 2026: We are in production! Current estimated delivery time: May\/June 2026. <\/em><br><br><em>The first pre-sale in December went really well. Thank you to everyone who took part and helped us make this happen.<\/em><br><br><em>The next pre-sale will start once we have the first batch in our hands! (May\/June).<\/em><br><em><br>Jump over to our instagram <a href=\"https:\/\/www.instagram.com\/aprikobikes\/\" data-type=\"link\" data-id=\"https:\/\/www.instagram.com\/aprikobikes\/\" target=\"_blank\" rel=\"noreferrer noopener\">@aprikobikes<\/a> or drop us a <a href=\"https:\/\/aprikobikes.com\/en\/contact\/\" data-type=\"page\" data-id=\"8\">message<\/a>to get onto the mailing list for more recent updates!<\/em><\/p>\n<\/blockquote>\n<\/div>\n\n\n\n<div class=\"wp-block-column is-layout-flow wp-block-column-is-layout-flow\" style=\"flex-basis:66.66%\">\n<div style=\"height:236px\" aria-hidden=\"true\" class=\"wp-block-spacer\"><\/div>\n\n\n\n<figure class=\"wp-block-image size-full is-resized\"><img loading=\"lazy\" decoding=\"async\" width=\"1000\" height=\"1000\" src=\"https:\/\/aprikobikes.com\/wp-content\/uploads\/2025\/04\/elepahntcargofork_01_2025_web-2.jpg\" alt=\"\" class=\"wp-image-205\" style=\"object-fit:cover;width:700px;height:auto\" srcset=\"https:\/\/aprikobikes.com\/wp-content\/uploads\/2025\/04\/elepahntcargofork_01_2025_web-2.jpg 1000w, https:\/\/aprikobikes.com\/wp-content\/uploads\/2025\/04\/elepahntcargofork_01_2025_web-2-450x450.jpg 450w, https:\/\/aprikobikes.com\/wp-content\/uploads\/2025\/04\/elepahntcargofork_01_2025_web-2-100x100.jpg 100w, https:\/\/aprikobikes.com\/wp-content\/uploads\/2025\/04\/elepahntcargofork_01_2025_web-2-600x600.jpg 600w, https:\/\/aprikobikes.com\/wp-content\/uploads\/2025\/04\/elepahntcargofork_01_2025_web-2-300x300.jpg 300w, https:\/\/aprikobikes.com\/wp-content\/uploads\/2025\/04\/elepahntcargofork_01_2025_web-2-150x150.jpg 150w, https:\/\/aprikobikes.com\/wp-content\/uploads\/2025\/04\/elepahntcargofork_01_2025_web-2-768x768.jpg 768w\" sizes=\"auto, (max-width: 1000px) 100vw, 1000px\" \/><\/figure>\n\n\n\n<p class=\"has-extra-small-font-size\"><code>Update Construction 2025, less material, less weight. <br>Straight A-head threadless fork.<\/code><\/p>\n<\/div>\n<\/div>\n\n\n\n<div style=\"height:100px\" aria-hidden=\"true\" class=\"wp-block-spacer\"><\/div>\n\n\n\n<figure class=\"wp-block-embed alignwide is-type-video is-provider-youtube wp-block-embed-youtube wp-embed-aspect-16-9 wp-has-aspect-ratio\"><div class=\"wp-block-embed__wrapper\">\n<iframe loading=\"lazy\" title=\"Matching Frames \/ Elephant Cargo Fork\" width=\"750\" height=\"422\" src=\"https:\/\/www.youtube.com\/embed\/t1c_b2Wh_c0?feature=oembed\" frameborder=\"0\" allow=\"accelerometer; autoplay; clipboard-write; encrypted-media; gyroscope; picture-in-picture; web-share\" referrerpolicy=\"strict-origin-when-cross-origin\" allowfullscreen><\/iframe>\n<\/div><\/figure>\n\n\n\n<figure class=\"wp-block-embed is-type-video is-provider-youtube wp-block-embed-youtube alignwide wp-embed-aspect-16-9 wp-has-aspect-ratio\"><div class=\"wp-block-embed__wrapper\">\n<iframe loading=\"lazy\" title=\"SPECS \/ Elephant Cargo Fork\" width=\"750\" height=\"422\" src=\"https:\/\/www.youtube.com\/embed\/6McqkOpJXC8?feature=oembed\" frameborder=\"0\" allow=\"accelerometer; autoplay; clipboard-write; encrypted-media; gyroscope; picture-in-picture; web-share\" referrerpolicy=\"strict-origin-when-cross-origin\" allowfullscreen><\/iframe>\n<\/div><\/figure>\n\n\n\n<div style=\"height:100px\" aria-hidden=\"true\" class=\"wp-block-spacer\"><\/div>\n\n\n\n<figure class=\"wp-block-image alignwide size-full info-pic\"><img decoding=\"async\" src=\"https:\/\/aprikobikes.com\/wp-content\/uploads\/2022\/04\/InfoGrafik.png\" alt=\"\" class=\"wp-image-160\"\/><\/figure>\n\n\n\n<div style=\"height:200px\" aria-hidden=\"true\" class=\"wp-block-spacer\"><\/div>\n\n\n\n<div class=\"wp-block-columns alignwide are-vertically-aligned-bottom is-style-default is-layout-flex wp-container-core-columns-is-layout-9d6595d7 wp-block-columns-is-layout-flex\">\n<div class=\"wp-block-column is-vertically-aligned-bottom is-layout-flow wp-block-column-is-layout-flow\">\n<figure class=\"wp-block-image alignfull size-large\"><img loading=\"lazy\" decoding=\"async\" width=\"929\" height=\"1024\" src=\"https:\/\/aprikobikes.com\/wp-content\/uploads\/2025\/11\/ansicht_ECF_v2025-929x1024.png\" alt=\"\" class=\"wp-image-397\" srcset=\"https:\/\/aprikobikes.com\/wp-content\/uploads\/2025\/11\/ansicht_ECF_v2025-929x1024.png 929w, https:\/\/aprikobikes.com\/wp-content\/uploads\/2025\/11\/ansicht_ECF_v2025-272x300.png 272w, https:\/\/aprikobikes.com\/wp-content\/uploads\/2025\/11\/ansicht_ECF_v2025-768x847.png 768w, https:\/\/aprikobikes.com\/wp-content\/uploads\/2025\/11\/ansicht_ECF_v2025-1393x1536.png 1393w, https:\/\/aprikobikes.com\/wp-content\/uploads\/2025\/11\/ansicht_ECF_v2025-11x12.png 11w, https:\/\/aprikobikes.com\/wp-content\/uploads\/2025\/11\/ansicht_ECF_v2025-1568x1729.png 1568w, https:\/\/aprikobikes.com\/wp-content\/uploads\/2025\/11\/ansicht_ECF_v2025-600x661.png 600w, https:\/\/aprikobikes.com\/wp-content\/uploads\/2025\/11\/ansicht_ECF_v2025.png 1582w\" sizes=\"auto, (max-width: 929px) 100vw, 929px\" \/><\/figure>\n<\/div>\n\n\n\n<div class=\"wp-block-column is-vertically-aligned-bottom absatz is-layout-flow wp-block-column-is-layout-flow\">\n<div class=\"wp-block-group is-style-default has-background\" style=\"background:radial-gradient(rgba(7,146,227,0) 0%,rgba(155,81,224,0.6) 100%)\"><div class=\"wp-block-group__inner-container is-layout-constrained wp-block-group-is-layout-constrained\">\n<h3 class=\"wp-block-heading alignwide\">Details<\/h3>\n\n\n\n<div class=\"wp-block-columns alignwide is-layout-flex wp-container-core-columns-is-layout-9d6595d7 wp-block-columns-is-layout-flex\">\n<div class=\"wp-block-column is-vertically-aligned-top is-layout-flow wp-block-column-is-layout-flow\">\n<ul class=\"wp-block-list\">\n<li>600x330mm foldable cargo plattform (fits 600x400mm euroboxes)<\/li>\n\n\n\n<li>holds two small commuter big-bags (Ortli** City)<\/li>\n\n\n\n<li><strong>1 1\/8 inch fitting (steel-frame only!)<\/strong><\/li>\n\n\n\n<li>460 mm axle to crown (20\u201c wheel axle to 26\u201d frame head tube, i.e. for +\/-400 mm AC on a 26\" frame)<\/li>\n\n\n\n<li>74\u00b0 headtube to plattform angle<\/li>\n\n\n\n<li>20 inch wheel (not included), holds 54mm tires<\/li>\n\n\n\n<li>100mm quick release axle<\/li>\n\n\n\n<li>IS disc brake standard<\/li>\n\n\n\n<li><strong>maximum 40mm downtube diameter!<\/strong><\/li>\n\n\n\n<li>custom downtube TPU bushing included<\/li>\n<\/ul>\n<\/div>\n<\/div>\n<\/div><\/div>\n\n\n\n<div style=\"height:152px\" aria-hidden=\"true\" class=\"wp-block-spacer\"><\/div>\n<\/div>\n<\/div>\n\n\n\n<div style=\"height:161px\" aria-hidden=\"true\" class=\"wp-block-spacer\"><\/div>\n\n\n\n<div class=\"wp-block-columns alignwide are-vertically-aligned-top is-style-default is-layout-flex wp-container-core-columns-is-layout-9d6595d7 wp-block-columns-is-layout-flex\">\n<div class=\"wp-block-column is-vertically-aligned-top is-layout-flow wp-block-column-is-layout-flow\">\n<h3 class=\"wp-block-heading absatz\"><em>Born As An Idea<\/em><\/h3>\n\n\n\n<p class=\"absatz\">Limited space, expensive space. The Elephant Cargo Fork (ECF) is the result of a product design bachelor\u2019s degree in cargo transport by bicycle in urban areas, densely populated and hardly any open space. On this basis, a compact adapter solution for the own, previous bike was created. This avoids the double burden, financial and spatial. Through the versatile combination of several usage scenarios: the cargo bike in the commuter bike.<\/p>\n<\/div>\n\n\n\n<div class=\"wp-block-column is-vertically-aligned-top is-layout-flow wp-block-column-is-layout-flow\">\n<div style=\"height:179px\" aria-hidden=\"true\" class=\"wp-block-spacer\"><\/div>\n\n\n\n<h3 class=\"wp-block-heading absatz\" style=\"line-height:0\"><em>Individually<\/em><\/h3>\n\n\n\n<p class=\"absatz\">For bicycle enthusiasts in urban areas. The ECF is certainly not for everyone: messengers, couriers, and avid cyclists. It is more of an opportunity for a custom build, rather than something off the shelf. After all, in addition to the adapter kit, you also need a frame, wheels, gears, saddle, handlebars, and all the little extras. <\/p>\n<\/div>\n<\/div>\n\n\n\n<div class=\"wp-block-columns alignwide are-vertically-aligned-bottom is-style-default is-layout-flex wp-container-core-columns-is-layout-9d6595d7 wp-block-columns-is-layout-flex\">\n<div class=\"wp-block-column is-vertically-aligned-bottom is-layout-flow wp-block-column-is-layout-flow\">\n<h3 class=\"wp-block-heading absatz\"><em>Versatile<\/em><\/h3>\n\n\n\n<p class=\"absatz\">Thanks the foldable platform, the bike is as wide as a standard bicycle and even so does fit a standard 600x400mm Eurobox. With many mounting points for tensioners you can fit a big variety of package-sizes. On top, folded up two smaller commuter bags can be attached to it. So all purposes are getting served.<\/p>\n<\/div>\n\n\n\n<div class=\"wp-block-column is-vertically-aligned-bottom absatz is-layout-flow wp-block-column-is-layout-flow\">\n<div style=\"height:100px\" aria-hidden=\"true\" class=\"wp-block-spacer\"><\/div>\n\n\n\n<div style=\"height:100px\" aria-hidden=\"true\" class=\"wp-block-spacer\"><\/div>\n<\/div>\n<\/div>\n\n\n\n<div style=\"height:100px\" aria-hidden=\"true\" class=\"wp-block-spacer\"><\/div>\n\n\n<div class=\"wp-block-image is-resized\">\n<figure class=\"alignright size-full\"><img loading=\"lazy\" decoding=\"async\" width=\"1000\" height=\"1000\" src=\"https:\/\/aprikobikes.com\/wp-content\/uploads\/2022\/04\/ECFtheelefantWhite.png\" alt=\"\" class=\"wp-image-152\" style=\"aspect-ratio:1;width:405px;height:auto\" srcset=\"https:\/\/aprikobikes.com\/wp-content\/uploads\/2022\/04\/ECFtheelefantWhite.png 1000w, https:\/\/aprikobikes.com\/wp-content\/uploads\/2022\/04\/ECFtheelefantWhite-450x450.png 450w, https:\/\/aprikobikes.com\/wp-content\/uploads\/2022\/04\/ECFtheelefantWhite-100x100.png 100w, https:\/\/aprikobikes.com\/wp-content\/uploads\/2022\/04\/ECFtheelefantWhite-600x600.png 600w, https:\/\/aprikobikes.com\/wp-content\/uploads\/2022\/04\/ECFtheelefantWhite-300x300.png 300w, https:\/\/aprikobikes.com\/wp-content\/uploads\/2022\/04\/ECFtheelefantWhite-150x150.png 150w, https:\/\/aprikobikes.com\/wp-content\/uploads\/2022\/04\/ECFtheelefantWhite-768x768.png 768w\" sizes=\"auto, (max-width: 1000px) 100vw, 1000px\" \/><\/figure>\n<\/div>\n\n\n<p><\/p>","protected":false},"excerpt":{"rendered":"<p>Elephant Cargo Fork News Januar 2026 04.01.2026: Wir sind in Produktion! Aktuell voraussichtliche Lieferzeit: May\/Juni 2026. Der erste Vorverkauf im Dezember lief super. Vielen Dank and alle, die daran teilgenommen haben und wir gemeinsam die Sache verwirklichen k\u00f6nnen. Der n\u00e4chste Vorverkauf startet dann wohl, wenn wir die erste Charge in den H\u00e4nden halten! (May\/Juni).Schaut auf&hellip; <a class=\"more-link\" href=\"https:\/\/aprikobikes.com\/en\/\">Continue reading <span class=\"screen-reader-text\">Elephant Cargo Fork<\/span><\/a><\/p>","protected":false},"author":1,"featured_media":0,"parent":0,"menu_order":0,"comment_status":"closed","ping_status":"closed","template":"","meta":{"footnotes":""},"class_list":["post-6","page","type-page","status-publish","hentry","entry"],"jetpack_sharing_enabled":true,"_links":{"self":[{"href":"https:\/\/aprikobikes.com\/en\/wp-json\/wp\/v2\/pages\/6","targetHints":{"allow":["GET"]}}],"collection":[{"href":"https:\/\/aprikobikes.com\/en\/wp-json\/wp\/v2\/pages"}],"about":[{"href":"https:\/\/aprikobikes.com\/en\/wp-json\/wp\/v2\/types\/page"}],"author":[{"embeddable":true,"href":"https:\/\/aprikobikes.com\/en\/wp-json\/wp\/v2\/users\/1"}],"replies":[{"embeddable":true,"href":"https:\/\/aprikobikes.com\/en\/wp-json\/wp\/v2\/comments?post=6"}],"version-history":[{"count":9,"href":"https:\/\/aprikobikes.com\/en\/wp-json\/wp\/v2\/pages\/6\/revisions"}],"predecessor-version":[{"id":539,"href":"https:\/\/aprikobikes.com\/en\/wp-json\/wp\/v2\/pages\/6\/revisions\/539"}],"wp:attachment":[{"href":"https:\/\/aprikobikes.com\/en\/wp-json\/wp\/v2\/media?parent=6"}],"curies":[{"name":"wp","href":"https:\/\/api.w.org\/{rel}","templated":true}]}}